{"id":41,"date":"2022-01-11T12:05:08","date_gmt":"2022-01-11T11:05:08","guid":{"rendered":"https:\/\/helmut-gollwitzer-haus.de\/?page_id=41"},"modified":"2025-03-17T12:35:44","modified_gmt":"2025-03-17T11:35:44","slug":"anfahrt","status":"publish","type":"page","link":"https:\/\/helmut-gollwitzer-haus.de\/?page_id=41","title":{"rendered":"Anfahrt"},"content":{"rendered":"\t\t<div data-elementor-type=\"wp-page\" data-elementor-id=\"41\" class=\"elementor elementor-41\">\n\t\t\t\t\t\t<section class=\"elementor-section elementor-top-section elementor-element elementor-element-6ffe18ac elementor-section-boxed elementor-section-height-default elementor-section-height-default\" data-id=\"6ffe18ac\" data-element_type=\"section\" data-e-type=\"section\">\n\t\t\t\t\t\t<div class=\"elementor-container elementor-column-gap-default\">\n\t\t\t\t\t<div class=\"elementor-column elementor-col-100 elementor-top-column elementor-element elementor-element-551f7ec7\" data-id=\"551f7ec7\" data-element_type=\"column\" data-e-type=\"column\">\n\t\t\t<div class=\"elementor-widget-wrap elementor-element-populated\">\n\t\t\t\t\t\t<div class=\"elementor-element elementor-element-f392151 elementor-widget elementor-widget-text-editor\" data-id=\"f392151\" data-element_type=\"widget\" data-e-type=\"widget\" data-widget_type=\"text-editor.default\">\n\t\t\t\t<div class=\"elementor-widget-container\">\n\t\t\t\t\t\t\t\t\t\n<p>&nbsp;<\/p>\n\n\n\n<p>W\u00fcnsdorf-Waldstadt (ein Ortsteil von Zossen) liegt am s\u00fcdlichen Stadtrand von Berlin und ist sowohl mit Bus und Bahn als auch mit dem Auto leicht und schnell erreichbar.<\/p>\n\n\n\n<div class=\"wp-block-webfactory-map\">\n<div class=\"wp-block-webfactory-map\">\n<iframe src=\"https:\/\/www.google.com\/maps\/embed?pb=!1m18!1m12!1m3!1d514.5541997429785!2d13.453585703745652!3d52.15894615257565!2m3!1f0!2f0!3f0!3m2!1i1024!2i768!4f13.1!3m3!1m2!1s0x47a86cc4c4f575c9%3A0x3b17d60bbfeba302!2sAdlershorststra%C3%9Fe%205%2C%2015806%20Zossen!5e0!3m2!1sde!2sde!4v1742211283013!5m2!1sde!2sde\" width=\"600\" height=\"450\" style=\"border:0;\" allowfullscreen=\"\" loading=\"lazy\" referrerpolicy=\"no-referrer-when-downgrade\"><\/iframe><\/div>\n<\/div>\n\n\n\n<p>Helmut-Gollwitzer-Haus<br \/>Adlershorststra\u00dfe 5<br \/>15806 Zossen OT W\u00fcnsdorf<\/p>\n\n\n\n<h3 class=\"wp-block-heading\">Auto<\/h3>\n\n\n\n<p>B96 aus Richtung Berlin, \u00fcber Berlin-Tempelhof und Zossen nach W\u00fcnsdorf. In W\u00fcnsdorf biegt man an der Ampel rechts ab, unterquert die Eisenbahnbr\u00fccke und f\u00e4hrt an der n\u00e4chsten gro\u00dfen Kreuzung gerade-aus (Richtung Klausdorf).<br \/>Ca. 200 Meter hinter der Dorfkirche biegt man rechts in die Adlershorststra\u00dfe ab. Das rote Haus auf der rechten Seite ist das Helmut-Gollwitzer-Haus.<\/p>\n\n\n\n<h3 class=\"wp-block-heading\">Bahn<\/h3>\n\n\n\n<p>Der n\u00e4chste Bahnhof hei\u00dft W\u00fcnsdorf-Waldstadt. Er liegt ca. eine Stunde von Berlin und 15 Minuten zu Fu\u00df von unserem Haus entfernt. Wir bieten einen Gep\u00e4ckshuttle an.<\/p>\n\n\n\n<p>RE 5 f\u00e4hrt \u00fcber Gesundbrunnen, Hauptbahnhof, Potsdamer Platz und S\u00fcdkreuz direkt nach W\u00fcnsdorf-Waldstadt.<br \/>RE 7 f\u00e4hrt die Berliner Stadtbahnstrecke \u00fcber Zoologischer Garten, Hauptbahnhof, Friedrichstra\u00dfe, Alexanderplatz, Ostbahnhof, Ostkreuz, Sch\u00f6nefeld nach W\u00fcnsdorf-Waldstadt.<br \/>S-Bahn: S2 aus Richtung Waidmannslust bis Blankenfelde dort umsteigen in RE 5 oder RE 7.<\/p>\n\n\n\n<p><a href=\"https:\/\/akd-ekbo.de\/wp-content\/uploads\/Anfahrt_W%C3%BCnsdorf.pdf\" target=\"_blank\" rel=\"noreferrer noopener\" data-type=\"URL\" data-id=\"https:\/\/akd-ekbo.de\/wp-content\/uploads\/Anfahrt_W%C3%BCnsdorf.pdf\">Anfahrt W\u00fcnsdorf zum ausdrucken<\/a><\/p>\n\t\t\t\t\t\t\t\t<\/div>\n\t\t\t\t<\/div>\n\t\t\t\t\t<\/div>\n\t\t<\/div>\n\t\t\t\t\t<\/div>\n\t\t<\/section>\n\t\t\t\t<\/div>\n\t\t","protected":false},"excerpt":{"rendered":"<p>&nbsp; W\u00fcnsdorf-Waldstadt (ein Ortsteil von Zossen) liegt am s\u00fcdlichen Stadtrand von Berlin und ist sowohl mit Bus und Bahn als auch mit dem Auto leicht und schnell erreichbar. Helmut-Gollwitzer-HausAdlershorststra\u00dfe 515806 Zossen OT W\u00fcnsdorf Auto B96 aus Richtung Berlin, \u00fcber Berlin-Tempelhof <a class=\"more-link\" href=\"https:\/\/helmut-gollwitzer-haus.de\/?page_id=41\">Weiterlesen\u00a0\u2026<\/a><\/p>\n","protected":false},"author":1,"featured_media":0,"parent":0,"menu_order":0,"comment_status":"closed","ping_status":"closed","template":"","meta":{"footnotes":""},"class_list":["post-41","page","type-page","status-publish","hentry"],"_links":{"self":[{"href":"https:\/\/helmut-gollwitzer-haus.de\/index.php?rest_route=\/wp\/v2\/pages\/41","targetHints":{"allow":["GET"]}}],"collection":[{"href":"https:\/\/helmut-gollwitzer-haus.de\/index.php?rest_route=\/wp\/v2\/pages"}],"about":[{"href":"https:\/\/helmut-gollwitzer-haus.de\/index.php?rest_route=\/wp\/v2\/types\/page"}],"author":[{"embeddable":true,"href":"https:\/\/helmut-gollwitzer-haus.de\/index.php?rest_route=\/wp\/v2\/users\/1"}],"replies":[{"embeddable":true,"href":"https:\/\/helmut-gollwitzer-haus.de\/index.php?rest_route=%2Fwp%2Fv2%2Fcomments&post=41"}],"version-history":[{"count":7,"href":"https:\/\/helmut-gollwitzer-haus.de\/index.php?rest_route=\/wp\/v2\/pages\/41\/revisions"}],"predecessor-version":[{"id":350,"href":"https:\/\/helmut-gollwitzer-haus.de\/index.php?rest_route=\/wp\/v2\/pages\/41\/revisions\/350"}],"wp:attachment":[{"href":"https:\/\/helmut-gollwitzer-haus.de\/index.php?rest_route=%2Fwp%2Fv2%2Fmedia&parent=41"}],"curies":[{"name":"wp","href":"https:\/\/api.w.org\/{rel}","templated":true}]}}